{"id":165,"date":"2021-04-09T19:29:29","date_gmt":"2021-04-09T17:29:29","guid":{"rendered":"http:\/\/www.webselecting.com\/ciberweb\/?page_id=165"},"modified":"2026-03-20T13:37:51","modified_gmt":"2026-03-20T12:37:51","slug":"juegos-para-ps-vr","status":"publish","type":"page","link":"https:\/\/www.webselecting.com\/ciberweb\/","title":{"rendered":"Juegos PayStation VR"},"content":{"rendered":"\n<p style=\"margin: 25px\"> <span style=\"text-decoration: underline\"><strong>ASTRO BOT RESCUE MISSION<\/strong><\/span><br>El mejor que he probado, y por eso os lo pongo al principio. Es un juego de plataformas con unos escenarios incre\u00edbles, en los que podr\u00e9is disfrutar de un entorno virtual gr\u00e1fico muy logrado y apto para todos los p\u00fablicos a partir   de los 7 a\u00f1os, como nos recomiendan.\n<br>Al margen de los escenarios, el juego de plataformas es muy interesante y nos sumergir\u00e1 en una aventura para todos los p\u00fablicos y disfrutar al m\u00e1ximo de nuestras gafas de realidad virtual.\n<br>Este juego solo est\u00e1 disponible actualmente para PSVR.\n<\/p>\n\n\n<div class=\"wp-block-image\">\n<figure class=\"aligncenter size-large is-resized\"><a href=\"https:\/\/store.playstation.com\/es-es\/product\/EP9000-CUSA12392_00-PLATFORMERVR00EU\" target=\"_blank\" rel=\"noopener\"><img data-recalc-dims=\"1\" loading=\"lazy\" decoding=\"async\" width=\"550\" height=\"550\" data-attachment-id=\"199\" data-permalink=\"https:\/\/www.webselecting.com\/ciberweb\/juegos-para-ps-vr\/astrobot-2\/\" data-orig-file=\"https:\/\/i0.wp.com\/www.webselecting.com\/ciberweb\/wp-content\/uploads\/2021\/04\/AstroBot.jpg?fit=1024%2C1024&amp;ssl=1\" data-orig-size=\"1024,1024\" data-comments-opened=\"1\" data-image-meta=\"{&quot;aperture&quot;:&quot;0&quot;,&quot;credit&quot;:&quot;&quot;,&quot;camera&quot;:&quot;&quot;,&quot;caption&quot;:&quot;&quot;,&quot;created_timestamp&quot;:&quot;0&quot;,&quot;copyright&quot;:&quot;&quot;,&quot;focal_length&quot;:&quot;0&quot;,&quot;iso&quot;:&quot;0&quot;,&quot;shutter_speed&quot;:&quot;0&quot;,&quot;title&quot;:&quot;&quot;,&quot;orientation&quot;:&quot;0&quot;}\" data-image-title=\"AstroBot\" data-image-description=\"\" data-image-caption=\"\" data-large-file=\"https:\/\/i0.wp.com\/www.webselecting.com\/ciberweb\/wp-content\/uploads\/2021\/04\/AstroBot.jpg?fit=550%2C550&amp;ssl=1\" src=\"https:\/\/i0.wp.com\/www.webselecting.com\/ciberweb\/wp-content\/uploads\/2021\/04\/AstroBot.jpg?resize=550%2C550\" alt=\"\" class=\"wp-image-199\" style=\"aspect-ratio:1;width:264px;height:auto\" srcset=\"https:\/\/i0.wp.com\/www.webselecting.com\/ciberweb\/wp-content\/uploads\/2021\/04\/AstroBot.jpg?w=1024&amp;ssl=1 1024w, https:\/\/i0.wp.com\/www.webselecting.com\/ciberweb\/wp-content\/uploads\/2021\/04\/AstroBot.jpg?resize=300%2C300&amp;ssl=1 300w, https:\/\/i0.wp.com\/www.webselecting.com\/ciberweb\/wp-content\/uploads\/2021\/04\/AstroBot.jpg?resize=150%2C150&amp;ssl=1 150w, https:\/\/i0.wp.com\/www.webselecting.com\/ciberweb\/wp-content\/uploads\/2021\/04\/AstroBot.jpg?resize=768%2C768&amp;ssl=1 768w\" sizes=\"auto, (max-width: 550px) 100vw, 550px\" \/><\/a><\/figure>\n<\/div>\n\n\n<p><p style=\"margin: 25px\"><br><strong><span style=\"text-decoration: underline;\">MOSS<\/span><\/strong><br>Este juego tambi\u00e9n es de plataformas como el anterior, pero con un estilo distinto tanto gr\u00e1ficamente como la historia en la que nos sumerge. \n<br>En los dos casos est\u00e1 muy logrado el efecto de realidad virtual y nos introduce en unos paisajes muy logrados y muy aptos para todos los p\u00fablicos a partir de  los 7 a\u00f1os, como nos recomiendan.\n<br>Una de las mejores opciones sin duda para explorar este universo de la realidad virtual con tus cascos.\n<br>Este juego est\u00e1 disponible tanto para PSVR como para PSVR2.<\/p>\n\n\n<div class=\"wp-block-image\">\n<figure class=\"aligncenter size-large is-resized\"><a href=\"https:\/\/www.playstation.com\/es-mx\/games\/moss-book-ii\/\" target=\"_blank\" rel=\"noopener\"><img data-recalc-dims=\"1\" loading=\"lazy\" decoding=\"async\" width=\"550\" height=\"685\" data-attachment-id=\"325\" data-permalink=\"https:\/\/www.webselecting.com\/ciberweb\/juegos-para-ps-vr\/juego-moss\/\" data-orig-file=\"https:\/\/i0.wp.com\/www.webselecting.com\/ciberweb\/wp-content\/uploads\/2023\/10\/Juego-Moss.jpg?fit=1019%2C1269&amp;ssl=1\" data-orig-size=\"1019,1269\" data-comments-opened=\"1\" data-image-meta=\"{&quot;aperture&quot;:&quot;0&quot;,&quot;credit&quot;:&quot;&quot;,&quot;camera&quot;:&quot;&quot;,&quot;caption&quot;:&quot;&quot;,&quot;created_timestamp&quot;:&quot;0&quot;,&quot;copyright&quot;:&quot;&quot;,&quot;focal_length&quot;:&quot;0&quot;,&quot;iso&quot;:&quot;0&quot;,&quot;shutter_speed&quot;:&quot;0&quot;,&quot;title&quot;:&quot;&quot;,&quot;orientation&quot;:&quot;0&quot;}\" data-image-title=\"Juego-Moss\" data-image-description=\"\" data-image-caption=\"\" data-large-file=\"https:\/\/i0.wp.com\/www.webselecting.com\/ciberweb\/wp-content\/uploads\/2023\/10\/Juego-Moss.jpg?fit=550%2C685&amp;ssl=1\" src=\"https:\/\/i0.wp.com\/www.webselecting.com\/ciberweb\/wp-content\/uploads\/2023\/10\/Juego-Moss.jpg?resize=550%2C685\" alt=\"\" class=\"wp-image-325\" style=\"aspect-ratio:0.802734375;width:256px;height:auto\" srcset=\"https:\/\/i0.wp.com\/www.webselecting.com\/ciberweb\/wp-content\/uploads\/2023\/10\/Juego-Moss.jpg?resize=822%2C1024&amp;ssl=1 822w, https:\/\/i0.wp.com\/www.webselecting.com\/ciberweb\/wp-content\/uploads\/2023\/10\/Juego-Moss.jpg?resize=241%2C300&amp;ssl=1 241w, https:\/\/i0.wp.com\/www.webselecting.com\/ciberweb\/wp-content\/uploads\/2023\/10\/Juego-Moss.jpg?resize=768%2C956&amp;ssl=1 768w, https:\/\/i0.wp.com\/www.webselecting.com\/ciberweb\/wp-content\/uploads\/2023\/10\/Juego-Moss.jpg?w=1019&amp;ssl=1 1019w\" sizes=\"auto, (max-width: 550px) 100vw, 550px\" \/><\/a><\/figure>\n<\/div>\n\n\n<p><p style=\"margin: 25px\"><br><strong><span style=\"text-decoration: underline;\">BATMAN ARKHAM VR<\/span><\/strong>\n<br>Esta aventura gr\u00e1fica de realidad virtual nos sumerge en la atm\u00f3sfera de Gotham  y nos hace sentir como si estuvi\u00e9ramos inmersos en la piel de Batman y vivir una magn\u00edfica historia con unos gr\u00e1ficos muy logrados, coincidiendo con los personajes m\u00e1s conocidos de la saga.\n<br>La historia es para un p\u00fablico adulto por los escenarios en los que nos encontramos (recomiendan para mayores de 18 a\u00f1os).\n<br>Te har\u00e1 sentir en la piel del superh\u00e9roe  y adentrarte tanto en Gotham como en la batcueva. Es un juego muy aconsejable si todav\u00eda no lo has probado y totalmente distinto de los dos anteriores que os he descrito.\n<br>Este juego solo est\u00e1 disponible para PSVR.<\/p>\n\n\n\n<p class=\"has-text-align-center\"><\/p>\n\n\n<div class=\"wp-block-image\">\n<figure class=\"aligncenter size-full is-resized\"><a href=\"https:\/\/store.playstation.com\/es-es\/product\/EP1018-CUSA05340_00-ARKHAMVRLT000000\" target=\"_blank\" rel=\"noopener\"><img data-recalc-dims=\"1\" loading=\"lazy\" decoding=\"async\" width=\"550\" height=\"550\" data-attachment-id=\"331\" data-permalink=\"https:\/\/www.webselecting.com\/ciberweb\/juegos-para-ps-vr\/batman-arkham-vr2\/\" data-orig-file=\"https:\/\/i0.wp.com\/www.webselecting.com\/ciberweb\/wp-content\/uploads\/2023\/10\/batman-arkham-vr2.jpg?fit=1024%2C1024&amp;ssl=1\" data-orig-size=\"1024,1024\" data-comments-opened=\"1\" data-image-meta=\"{&quot;aperture&quot;:&quot;0&quot;,&quot;credit&quot;:&quot;&quot;,&quot;camera&quot;:&quot;&quot;,&quot;caption&quot;:&quot;&quot;,&quot;created_timestamp&quot;:&quot;0&quot;,&quot;copyright&quot;:&quot;&quot;,&quot;focal_length&quot;:&quot;0&quot;,&quot;iso&quot;:&quot;0&quot;,&quot;shutter_speed&quot;:&quot;0&quot;,&quot;title&quot;:&quot;&quot;,&quot;orientation&quot;:&quot;0&quot;}\" data-image-title=\"batman-arkham-vr2\" data-image-description=\"\" data-image-caption=\"\" data-large-file=\"https:\/\/i0.wp.com\/www.webselecting.com\/ciberweb\/wp-content\/uploads\/2023\/10\/batman-arkham-vr2.jpg?fit=550%2C550&amp;ssl=1\" src=\"https:\/\/i0.wp.com\/www.webselecting.com\/ciberweb\/wp-content\/uploads\/2023\/10\/batman-arkham-vr2.jpg?resize=550%2C550\" alt=\"\" class=\"wp-image-331\" style=\"aspect-ratio:0.7985436893203883;width:237px;height:auto\" srcset=\"https:\/\/i0.wp.com\/www.webselecting.com\/ciberweb\/wp-content\/uploads\/2023\/10\/batman-arkham-vr2.jpg?w=1024&amp;ssl=1 1024w, https:\/\/i0.wp.com\/www.webselecting.com\/ciberweb\/wp-content\/uploads\/2023\/10\/batman-arkham-vr2.jpg?resize=300%2C300&amp;ssl=1 300w, https:\/\/i0.wp.com\/www.webselecting.com\/ciberweb\/wp-content\/uploads\/2023\/10\/batman-arkham-vr2.jpg?resize=150%2C150&amp;ssl=1 150w, https:\/\/i0.wp.com\/www.webselecting.com\/ciberweb\/wp-content\/uploads\/2023\/10\/batman-arkham-vr2.jpg?resize=768%2C768&amp;ssl=1 768w\" sizes=\"auto, (max-width: 550px) 100vw, 550px\" \/><\/a><\/figure>\n<\/div>","protected":false},"excerpt":{"rendered":"<p>ASTRO BOT RESCUE MISSIONEl mejor que he probado, y por eso os lo pongo al principio. Es un juego de plataformas con unos escenarios incre\u00edbles, en los que podr\u00e9is disfrutar de un entorno virtual gr\u00e1fico muy logrado y apto para todos los p\u00fablicos a partir de los 7 a\u00f1os, como nos recomiendan. Al margen de&hellip;<\/p>\n","protected":false},"author":1,"featured_media":428,"parent":0,"menu_order":0,"comment_status":"closed","ping_status":"closed","template":"","meta":{"_monsterinsights_skip_tracking":false,"_monsterinsights_sitenote_active":false,"_monsterinsights_sitenote_note":"","_monsterinsights_sitenote_category":0,"jetpack_post_was_ever_published":false,"footnotes":""},"class_list":["post-165","page","type-page","status-publish","has-post-thumbnail","hentry"],"yoast_head":"<!-- This site is optimized with the Yoast SEO plugin v27.4 - https:\/\/yoast.com\/product\/yoast-seo-wordpress\/ -->\n<title>Juegos PayStation VR - CiberWeb.es<\/title>\n<meta name=\"description\" content=\"Los mejores juegos para VR con tu PlayStation 4.\" \/>\n<meta name=\"robots\" content=\"index, follow, max-snippet:-1, max-image-preview:large, max-video-preview:-1\" \/>\n<link rel=\"canonical\" href=\"https:\/\/www.webselecting.com\/ciberweb\/\" \/>\n<meta property=\"og:locale\" content=\"es_ES\" \/>\n<meta property=\"og:type\" content=\"article\" \/>\n<meta property=\"og:title\" content=\"Juegos PayStation VR - CiberWeb.es\" \/>\n<meta property=\"og:description\" content=\"Los mejores juegos para VR con tu PlayStation 4.\" \/>\n<meta property=\"og:url\" content=\"https:\/\/www.webselecting.com\/ciberweb\/\" \/>\n<meta property=\"og:site_name\" content=\"CiberWeb.es\" \/>\n<meta property=\"article:modified_time\" content=\"2026-03-20T12:37:51+00:00\" \/>\n<meta property=\"og:image\" content=\"http:\/\/www.webselecting.com\/ciberweb\/wp-content\/uploads\/2026\/03\/image.png\" \/>\n\t<meta property=\"og:image:width\" content=\"1024\" \/>\n\t<meta property=\"og:image:height\" content=\"768\" \/>\n\t<meta property=\"og:image:type\" content=\"image\/png\" \/>\n<meta name=\"twitter:card\" content=\"summary_large_image\" \/>\n<meta name=\"twitter:label1\" content=\"Tiempo de lectura\" \/>\n\t<meta name=\"twitter:data1\" content=\"3 minutos\" \/>\n<script type=\"application\/ld+json\" class=\"yoast-schema-graph\">{\"@context\":\"https:\\\/\\\/schema.org\",\"@graph\":[{\"@type\":\"WebPage\",\"@id\":\"https:\\\/\\\/www.webselecting.com\\\/ciberweb\\\/\",\"url\":\"https:\\\/\\\/www.webselecting.com\\\/ciberweb\\\/\",\"name\":\"Juegos PayStation VR - CiberWeb.es\",\"isPartOf\":{\"@id\":\"https:\\\/\\\/www.webselecting.com\\\/ciberweb\\\/#website\"},\"primaryImageOfPage\":{\"@id\":\"https:\\\/\\\/www.webselecting.com\\\/ciberweb\\\/#primaryimage\"},\"image\":{\"@id\":\"https:\\\/\\\/www.webselecting.com\\\/ciberweb\\\/#primaryimage\"},\"thumbnailUrl\":\"https:\\\/\\\/i0.wp.com\\\/www.webselecting.com\\\/ciberweb\\\/wp-content\\\/uploads\\\/2026\\\/03\\\/image.png?fit=1024%2C768&ssl=1\",\"datePublished\":\"2021-04-09T17:29:29+00:00\",\"dateModified\":\"2026-03-20T12:37:51+00:00\",\"description\":\"Los mejores juegos para VR con tu PlayStation 4.\",\"inLanguage\":\"es\",\"potentialAction\":[{\"@type\":\"ReadAction\",\"target\":[\"https:\\\/\\\/www.webselecting.com\\\/ciberweb\\\/\"]}]},{\"@type\":\"ImageObject\",\"inLanguage\":\"es\",\"@id\":\"https:\\\/\\\/www.webselecting.com\\\/ciberweb\\\/#primaryimage\",\"url\":\"https:\\\/\\\/i0.wp.com\\\/www.webselecting.com\\\/ciberweb\\\/wp-content\\\/uploads\\\/2026\\\/03\\\/image.png?fit=1024%2C768&ssl=1\",\"contentUrl\":\"https:\\\/\\\/i0.wp.com\\\/www.webselecting.com\\\/ciberweb\\\/wp-content\\\/uploads\\\/2026\\\/03\\\/image.png?fit=1024%2C768&ssl=1\",\"width\":1024,\"height\":768},{\"@type\":\"WebSite\",\"@id\":\"https:\\\/\\\/www.webselecting.com\\\/ciberweb\\\/#website\",\"url\":\"https:\\\/\\\/www.webselecting.com\\\/ciberweb\\\/\",\"name\":\"CiberWeb.es\",\"description\":\"La actualidad en el mundo del gaming\",\"publisher\":{\"@id\":\"https:\\\/\\\/www.webselecting.com\\\/ciberweb\\\/#organization\"},\"potentialAction\":[{\"@type\":\"SearchAction\",\"target\":{\"@type\":\"EntryPoint\",\"urlTemplate\":\"https:\\\/\\\/www.webselecting.com\\\/ciberweb\\\/?s={search_term_string}\"},\"query-input\":{\"@type\":\"PropertyValueSpecification\",\"valueRequired\":true,\"valueName\":\"search_term_string\"}}],\"inLanguage\":\"es\"},{\"@type\":\"Organization\",\"@id\":\"https:\\\/\\\/www.webselecting.com\\\/ciberweb\\\/#organization\",\"name\":\"CiberWeb.es\",\"url\":\"https:\\\/\\\/www.webselecting.com\\\/ciberweb\\\/\",\"logo\":{\"@type\":\"ImageObject\",\"inLanguage\":\"es\",\"@id\":\"https:\\\/\\\/www.webselecting.com\\\/ciberweb\\\/#\\\/schema\\\/logo\\\/image\\\/\",\"url\":\"https:\\\/\\\/i0.wp.com\\\/www.webselecting.com\\\/ciberweb\\\/wp-content\\\/uploads\\\/2021\\\/03\\\/cropped-ciberweb_cuadrado.png?fit=512%2C512&ssl=1\",\"contentUrl\":\"https:\\\/\\\/i0.wp.com\\\/www.webselecting.com\\\/ciberweb\\\/wp-content\\\/uploads\\\/2021\\\/03\\\/cropped-ciberweb_cuadrado.png?fit=512%2C512&ssl=1\",\"width\":512,\"height\":512,\"caption\":\"CiberWeb.es\"},\"image\":{\"@id\":\"https:\\\/\\\/www.webselecting.com\\\/ciberweb\\\/#\\\/schema\\\/logo\\\/image\\\/\"}}]}<\/script>\n<!-- \/ Yoast SEO plugin. -->","yoast_head_json":{"title":"Juegos PayStation VR - CiberWeb.es","description":"Los mejores juegos para VR con tu PlayStation 4.","robots":{"index":"index","follow":"follow","max-snippet":"max-snippet:-1","max-image-preview":"max-image-preview:large","max-video-preview":"max-video-preview:-1"},"canonical":"https:\/\/www.webselecting.com\/ciberweb\/","og_locale":"es_ES","og_type":"article","og_title":"Juegos PayStation VR - CiberWeb.es","og_description":"Los mejores juegos para VR con tu PlayStation 4.","og_url":"https:\/\/www.webselecting.com\/ciberweb\/","og_site_name":"CiberWeb.es","article_modified_time":"2026-03-20T12:37:51+00:00","og_image":[{"width":1024,"height":768,"url":"http:\/\/www.webselecting.com\/ciberweb\/wp-content\/uploads\/2026\/03\/image.png","type":"image\/png"}],"twitter_card":"summary_large_image","twitter_misc":{"Tiempo de lectura":"3 minutos"},"schema":{"@context":"https:\/\/schema.org","@graph":[{"@type":"WebPage","@id":"https:\/\/www.webselecting.com\/ciberweb\/","url":"https:\/\/www.webselecting.com\/ciberweb\/","name":"Juegos PayStation VR - CiberWeb.es","isPartOf":{"@id":"https:\/\/www.webselecting.com\/ciberweb\/#website"},"primaryImageOfPage":{"@id":"https:\/\/www.webselecting.com\/ciberweb\/#primaryimage"},"image":{"@id":"https:\/\/www.webselecting.com\/ciberweb\/#primaryimage"},"thumbnailUrl":"https:\/\/i0.wp.com\/www.webselecting.com\/ciberweb\/wp-content\/uploads\/2026\/03\/image.png?fit=1024%2C768&ssl=1","datePublished":"2021-04-09T17:29:29+00:00","dateModified":"2026-03-20T12:37:51+00:00","description":"Los mejores juegos para VR con tu PlayStation 4.","inLanguage":"es","potentialAction":[{"@type":"ReadAction","target":["https:\/\/www.webselecting.com\/ciberweb\/"]}]},{"@type":"ImageObject","inLanguage":"es","@id":"https:\/\/www.webselecting.com\/ciberweb\/#primaryimage","url":"https:\/\/i0.wp.com\/www.webselecting.com\/ciberweb\/wp-content\/uploads\/2026\/03\/image.png?fit=1024%2C768&ssl=1","contentUrl":"https:\/\/i0.wp.com\/www.webselecting.com\/ciberweb\/wp-content\/uploads\/2026\/03\/image.png?fit=1024%2C768&ssl=1","width":1024,"height":768},{"@type":"WebSite","@id":"https:\/\/www.webselecting.com\/ciberweb\/#website","url":"https:\/\/www.webselecting.com\/ciberweb\/","name":"CiberWeb.es","description":"La actualidad en el mundo del gaming","publisher":{"@id":"https:\/\/www.webselecting.com\/ciberweb\/#organization"},"potentialAction":[{"@type":"SearchAction","target":{"@type":"EntryPoint","urlTemplate":"https:\/\/www.webselecting.com\/ciberweb\/?s={search_term_string}"},"query-input":{"@type":"PropertyValueSpecification","valueRequired":true,"valueName":"search_term_string"}}],"inLanguage":"es"},{"@type":"Organization","@id":"https:\/\/www.webselecting.com\/ciberweb\/#organization","name":"CiberWeb.es","url":"https:\/\/www.webselecting.com\/ciberweb\/","logo":{"@type":"ImageObject","inLanguage":"es","@id":"https:\/\/www.webselecting.com\/ciberweb\/#\/schema\/logo\/image\/","url":"https:\/\/i0.wp.com\/www.webselecting.com\/ciberweb\/wp-content\/uploads\/2021\/03\/cropped-ciberweb_cuadrado.png?fit=512%2C512&ssl=1","contentUrl":"https:\/\/i0.wp.com\/www.webselecting.com\/ciberweb\/wp-content\/uploads\/2021\/03\/cropped-ciberweb_cuadrado.png?fit=512%2C512&ssl=1","width":512,"height":512,"caption":"CiberWeb.es"},"image":{"@id":"https:\/\/www.webselecting.com\/ciberweb\/#\/schema\/logo\/image\/"}}]}},"jetpack-related-posts":[],"jetpack_shortlink":"https:\/\/wp.me\/Pcmw24-2F","jetpack_sharing_enabled":true,"jetpack_likes_enabled":true,"_links":{"self":[{"href":"https:\/\/www.webselecting.com\/ciberweb\/wp-json\/wp\/v2\/pages\/165","targetHints":{"allow":["GET"]}}],"collection":[{"href":"https:\/\/www.webselecting.com\/ciberweb\/wp-json\/wp\/v2\/pages"}],"about":[{"href":"https:\/\/www.webselecting.com\/ciberweb\/wp-json\/wp\/v2\/types\/page"}],"author":[{"embeddable":true,"href":"https:\/\/www.webselecting.com\/ciberweb\/wp-json\/wp\/v2\/users\/1"}],"replies":[{"embeddable":true,"href":"https:\/\/www.webselecting.com\/ciberweb\/wp-json\/wp\/v2\/comments?post=165"}],"version-history":[{"count":44,"href":"https:\/\/www.webselecting.com\/ciberweb\/wp-json\/wp\/v2\/pages\/165\/revisions"}],"predecessor-version":[{"id":441,"href":"https:\/\/www.webselecting.com\/ciberweb\/wp-json\/wp\/v2\/pages\/165\/revisions\/441"}],"wp:featuredmedia":[{"embeddable":true,"href":"https:\/\/www.webselecting.com\/ciberweb\/wp-json\/wp\/v2\/media\/428"}],"wp:attachment":[{"href":"https:\/\/www.webselecting.com\/ciberweb\/wp-json\/wp\/v2\/media?parent=165"}],"curies":[{"name":"wp","href":"https:\/\/api.w.org\/{rel}","templated":true}]}}